{"id":32,"date":"2013-03-07T18:13:51","date_gmt":"2013-03-07T17:13:51","guid":{"rendered":"http:\/\/www.jeanlepeix.com\/whataboutgeek\/?page_id=32"},"modified":"2015-03-18T13:47:40","modified_gmt":"2015-03-18T12:47:40","slug":"jlx","status":"publish","type":"page","link":"http:\/\/jeanlepeix.com\/planetejlx\/jlx\/","title":{"rendered":"JLX"},"content":{"rendered":"<h3 class=\"entry-title\">JLX, un peu sur moi&#8230;<\/h3>\n <p> Alors je suis Jean Alias JLX, je suis un passionn\u00e9 de jeux-vid\u00e9o depuis ma tendre enfance. Berc\u00e9 par les Mario et Pok\u00e9mon, \u00e0 chaque d\u00e9couverte que j&rsquo;ai fait dans l&rsquo;univers des gamers n&rsquo;a fait que renforc\u00e9 mon amour pour toutes ces cr\u00e9ations vid\u00e9o-ludiques et interactives. J&rsquo;ai commenc\u00e9 sur consoles portables et je n&rsquo;ai eu une console dite de salon que vers mes 14 ans cependant je n&rsquo;ai rien l\u00e2ch\u00e9. Depuis ce temps les jeux vid\u00e9os font partie int\u00e9grante de ma vie. <br \/> \n\u00c9galement \u00e9tudiant \u00e0 mes heures perdues, le graphisme, le web et la vid\u00e9o (son inclus) sont les domaines que je ne cesse d&rsquo;am\u00e9liorer. Je pratique tout cela pour mon futur job. Mais ici je compte bien vous transmettre toute ma passion, mes connaissances, mes d\u00e9couvertes ainsi que mon savoir faire dans l&rsquo;univers du Geek que ce soit aux niveau des jeux-vid\u00e9o ou du cin\u00e9ma. <br \/> \nAlors comme on dit \u00ab\u00a0Wait and See&#8230;\u00a0\u00bb <\/p> \n <p> <img loading=\"lazy\" class=\"size-full wp-image-67 alignleft\" alt=\"JLX\" src=\"https:\/\/i0.wp.com\/planetejlx.fr\/wp-content\/uploads\/2013\/03\/JLX.png?resize=152%2C300\" width=\"152\" height=\"300\" srcset=\"https:\/\/i0.wp.com\/jeanlepeix.com\/planetejlx\/wp-content\/uploads\/2013\/03\/JLX.png?w=318 318w, https:\/\/i0.wp.com\/jeanlepeix.com\/planetejlx\/wp-content\/uploads\/2013\/03\/JLX.png?resize=152%2C300 152w\" sizes=\"(max-width: 152px) 100vw, 152px\" data-recalc-dims=\"1\" \/> <\/p> \n <p> Le Meilleur jeu de tous les temps selon moi : le c\u00e9l\u00e8bre et incontournable <b>Final Fantasy VII<\/b> <\/br>  <br \/> \nLes jeux qui m&rsquo;ont marqu\u00e9 :  <\/p> \n<ul style=\"list-style:none;\">\n<li>&#8211; Metroid Prime Trilogy<\/li>\n<li>&#8211; Super Smash Bros Melee (et Brawl)<\/li>\n<li>&#8211; Pok\u00e9mon Bleu et Argent (les premiers du nom)<\/li>\n<li>&#8211; Devil May Cry (tous)<\/li>\n<li>&#8211; The Legend of Zelda Ocarina of Time<\/li>\n<li>&#8211; GTA Vice City<\/li>\n<li>&#8211; Golden Sun 1 et 2<\/li>\n<li>&#8211; Tetris <span class=\"wp-font-emots-emo-laugh\"><\/span><\/li>\n<\/ul>\n <p> \nSur quoi je joue (consoles de jeu) :  <\/p> \n<ul style=\"list-style:none;\">\n<li>&#8211; Nintendo<\/li>\n<li>&#8211; Game-boy (first generation)<\/li>\n<li>&#8211; Nintendo 64<\/li>\n<li>&#8211; Playstation2<\/li>\n<li>&#8211; Gameboy Advance SP<\/li>\n<li>&#8211; Wii (Gamecube)<\/li>\n<li>&#8211; Wii U<\/li>\n<li>&#8211; Playstation 3<\/li>\n<li>&#8211; Samsung Galaxy S4 Active (Android)<\/li>\n<\/ul>\n <p>  <\/br> \n <\/p> \n<h4>Et encore peu plus sur moi&#8230;<\/h4>\n <p> \nUn peu Apple boy sur les bords bien que de moins en moins et oui je vais me d\u00e9barrasser de mon iPhone 4 au profit d&rsquo;un Samsung Galaxy SIV. Puis je travaille sur un MacBook Pro et \u00e7a par contre repasser sur Windaube (\u00e0 part pour le jeu) c&rsquo;est pas pr\u00eat de changer d&rsquo;autant plus vu la version 8 qui selon moi est un <i>Vista 2<\/i>. Un peu r\u00e9tro un peu next-gen le jeu fait partie de moi et je compte bien vous faire partager cette passion qu&rsquo;est la mienne.\n <\/p> \n <p> <center> <\/p> \n <p> Je suis l\u00e0 aussi <span class=\"wp-font-emots-emo-happy\"><\/span> <\/br> <img loading=\"lazy\" src=\"https:\/\/i0.wp.com\/planetejlx.fr\/wp-content\/uploads\/2013\/05\/jlx_gaming.png?resize=300%2C193\" alt=\"jlx_gaming\" width=\"300\" height=\"193\" class=\"aligncenter size-full wp-image-227\" data-recalc-dims=\"1\" \/> <\/p> \n <p> <\/center> <\/p> \n","protected":false},"excerpt":{"rendered":" <p> JLX, un peu sur moi&#8230; Alors je suis Jean Alias JLX, je suis un passionn\u00e9 de jeux-vid\u00e9o depuis ma tendre enfance. Berc\u00e9 par les Mario et Pok\u00e9mon, \u00e0 chaque d\u00e9couverte que j&rsquo;ai fait dans l&rsquo;univers des gamers n&rsquo;a fait que renforc\u00e9 mon amour pour toutes ces cr\u00e9ations vid\u00e9o-ludiques et interactives. J&rsquo;ai commenc\u00e9 sur consoles portables [&hellip;] <\/p> \n","protected":false},"author":1,"featured_media":0,"parent":0,"menu_order":0,"comment_status":"closed","ping_status":"open","template":"","meta":{"_mi_skip_tracking":false,"jetpack_post_was_ever_published":false,"yasr_overall_rating":0,"yasr_post_is_review":"","yasr_auto_insert_disabled":"","yasr_review_type":""},"yoast_head":"<!-- This site is optimized with the Yoast SEO plugin v20.6 - https:\/\/yoast.com\/wordpress\/plugins\/seo\/ -->\n<title>JLX - Plan\u00e8te JLX<\/title>\n<meta name=\"robots\" content=\"index, follow, max-snippet:-1, max-image-preview:large, max-video-preview:-1\" \/>\n<link rel=\"canonical\" href=\"http:\/\/jeanlepeix.com\/planetejlx\/jlx\/\" \/>\n<meta property=\"og:locale\" content=\"fr_FR\" \/>\n<meta property=\"og:type\" content=\"article\" \/>\n<meta property=\"og:title\" content=\"JLX - Plan\u00e8te JLX\" \/>\n<meta property=\"og:description\" content=\"JLX, un peu sur moi&#8230; Alors je suis Jean Alias JLX, je suis un passionn\u00e9 de jeux-vid\u00e9o depuis ma tendre enfance. Berc\u00e9 par les Mario et Pok\u00e9mon, \u00e0 chaque d\u00e9couverte que j&rsquo;ai fait dans l&rsquo;univers des gamers n&rsquo;a fait que renforc\u00e9 mon amour pour toutes ces cr\u00e9ations vid\u00e9o-ludiques et interactives. J&rsquo;ai commenc\u00e9 sur consoles portables [&hellip;]\" \/>\n<meta property=\"og:url\" content=\"http:\/\/jeanlepeix.com\/planetejlx\/jlx\/\" \/>\n<meta property=\"og:site_name\" content=\"Plan\u00e8te JLX\" \/>\n<meta property=\"article:publisher\" content=\"https:\/\/www.facebook.com\/PlaneteJLX\" \/>\n<meta property=\"article:modified_time\" content=\"2015-03-18T12:47:40+00:00\" \/>\n<meta property=\"og:image\" content=\"http:\/\/planetejlx.fr\/wp-content\/uploads\/2013\/03\/JLX.png\" \/>\n<meta name=\"twitter:label1\" content=\"Dur\u00e9e de lecture estim\u00e9e\" \/>\n\t<meta name=\"twitter:data1\" content=\"2 minutes\" \/>\n<script type=\"application\/ld+json\" class=\"yoast-schema-graph\">{\"@context\":\"https:\/\/schema.org\",\"@graph\":[{\"@type\":\"WebPage\",\"@id\":\"http:\/\/jeanlepeix.com\/planetejlx\/jlx\/\",\"url\":\"http:\/\/jeanlepeix.com\/planetejlx\/jlx\/\",\"name\":\"JLX - Plan\u00e8te JLX\",\"isPartOf\":{\"@id\":\"https:\/\/jeanlepeix.com\/planetejlx\/#website\"},\"datePublished\":\"2013-03-07T17:13:51+00:00\",\"dateModified\":\"2015-03-18T12:47:40+00:00\",\"breadcrumb\":{\"@id\":\"http:\/\/jeanlepeix.com\/planetejlx\/jlx\/#breadcrumb\"},\"inLanguage\":\"fr-FR\",\"potentialAction\":[{\"@type\":\"ReadAction\",\"target\":[\"http:\/\/jeanlepeix.com\/planetejlx\/jlx\/\"]}]},{\"@type\":\"BreadcrumbList\",\"@id\":\"http:\/\/jeanlepeix.com\/planetejlx\/jlx\/#breadcrumb\",\"itemListElement\":[{\"@type\":\"ListItem\",\"position\":1,\"name\":\"Accueil\",\"item\":\"https:\/\/jeanlepeix.com\/planetejlx\/\"},{\"@type\":\"ListItem\",\"position\":2,\"name\":\"JLX\"}]},{\"@type\":\"WebSite\",\"@id\":\"https:\/\/jeanlepeix.com\/planetejlx\/#website\",\"url\":\"https:\/\/jeanlepeix.com\/planetejlx\/\",\"name\":\"Plan\u00e8te JLX\",\"description\":\"Geek, Jeux-vid\u00e9o, Gadgets, Cin\u00e9, Critiques, Gaming\",\"potentialAction\":[{\"@type\":\"SearchAction\",\"target\":{\"@type\":\"EntryPoint\",\"urlTemplate\":\"https:\/\/jeanlepeix.com\/planetejlx\/?s={search_term_string}\"},\"query-input\":\"required name=search_term_string\"}],\"inLanguage\":\"fr-FR\"},false]}<\/script>\n<!-- \/ Yoast SEO plugin. -->","yoast_head_json":{"title":"JLX - Plan\u00e8te JLX","robots":{"index":"index","follow":"follow","max-snippet":"max-snippet:-1","max-image-preview":"max-image-preview:large","max-video-preview":"max-video-preview:-1"},"canonical":"http:\/\/jeanlepeix.com\/planetejlx\/jlx\/","og_locale":"fr_FR","og_type":"article","og_title":"JLX - Plan\u00e8te JLX","og_description":"JLX, un peu sur moi&#8230; Alors je suis Jean Alias JLX, je suis un passionn\u00e9 de jeux-vid\u00e9o depuis ma tendre enfance. Berc\u00e9 par les Mario et Pok\u00e9mon, \u00e0 chaque d\u00e9couverte que j&rsquo;ai fait dans l&rsquo;univers des gamers n&rsquo;a fait que renforc\u00e9 mon amour pour toutes ces cr\u00e9ations vid\u00e9o-ludiques et interactives. J&rsquo;ai commenc\u00e9 sur consoles portables [&hellip;]","og_url":"http:\/\/jeanlepeix.com\/planetejlx\/jlx\/","og_site_name":"Plan\u00e8te JLX","article_publisher":"https:\/\/www.facebook.com\/PlaneteJLX","article_modified_time":"2015-03-18T12:47:40+00:00","og_image":[{"url":"http:\/\/planetejlx.fr\/wp-content\/uploads\/2013\/03\/JLX.png"}],"twitter_misc":{"Dur\u00e9e de lecture estim\u00e9e":"2 minutes"},"schema":{"@context":"https:\/\/schema.org","@graph":[{"@type":"WebPage","@id":"http:\/\/jeanlepeix.com\/planetejlx\/jlx\/","url":"http:\/\/jeanlepeix.com\/planetejlx\/jlx\/","name":"JLX - Plan\u00e8te JLX","isPartOf":{"@id":"https:\/\/jeanlepeix.com\/planetejlx\/#website"},"datePublished":"2013-03-07T17:13:51+00:00","dateModified":"2015-03-18T12:47:40+00:00","breadcrumb":{"@id":"http:\/\/jeanlepeix.com\/planetejlx\/jlx\/#breadcrumb"},"inLanguage":"fr-FR","potentialAction":[{"@type":"ReadAction","target":["http:\/\/jeanlepeix.com\/planetejlx\/jlx\/"]}]},{"@type":"BreadcrumbList","@id":"http:\/\/jeanlepeix.com\/planetejlx\/jlx\/#breadcrumb","itemListElement":[{"@type":"ListItem","position":1,"name":"Accueil","item":"https:\/\/jeanlepeix.com\/planetejlx\/"},{"@type":"ListItem","position":2,"name":"JLX"}]},{"@type":"WebSite","@id":"https:\/\/jeanlepeix.com\/planetejlx\/#website","url":"https:\/\/jeanlepeix.com\/planetejlx\/","name":"Plan\u00e8te JLX","description":"Geek, Jeux-vid\u00e9o, Gadgets, Cin\u00e9, Critiques, Gaming","potentialAction":[{"@type":"SearchAction","target":{"@type":"EntryPoint","urlTemplate":"https:\/\/jeanlepeix.com\/planetejlx\/?s={search_term_string}"},"query-input":"required name=search_term_string"}],"inLanguage":"fr-FR"},false]}},"yasr_visitor_votes":{"stars_attributes":{"read_only":false,"span_bottom":false},"number_of_votes":0,"sum_votes":0},"jetpack_sharing_enabled":true,"jetpack_shortlink":"https:\/\/wp.me\/P5dgCi-w","_links":{"self":[{"href":"http:\/\/jeanlepeix.com\/planetejlx\/wp-json\/wp\/v2\/pages\/32"}],"collection":[{"href":"http:\/\/jeanlepeix.com\/planetejlx\/wp-json\/wp\/v2\/pages"}],"about":[{"href":"http:\/\/jeanlepeix.com\/planetejlx\/wp-json\/wp\/v2\/types\/page"}],"author":[{"embeddable":true,"href":"http:\/\/jeanlepeix.com\/planetejlx\/wp-json\/wp\/v2\/users\/1"}],"replies":[{"embeddable":true,"href":"http:\/\/jeanlepeix.com\/planetejlx\/wp-json\/wp\/v2\/comments?post=32"}],"version-history":[{"count":62,"href":"http:\/\/jeanlepeix.com\/planetejlx\/wp-json\/wp\/v2\/pages\/32\/revisions"}],"predecessor-version":[{"id":1924,"href":"http:\/\/jeanlepeix.com\/planetejlx\/wp-json\/wp\/v2\/pages\/32\/revisions\/1924"}],"wp:attachment":[{"href":"http:\/\/jeanlepeix.com\/planetejlx\/wp-json\/wp\/v2\/media?parent=32"}],"curies":[{"name":"wp","href":"https:\/\/api.w.org\/{rel}","templated":true}]}}