{"id":33,"date":"2013-03-07T18:14:15","date_gmt":"2013-03-07T17:14:15","guid":{"rendered":"http:\/\/www.jeanlepeix.com\/whataboutgeek\/?page_id=33"},"modified":"2016-03-20T18:34:18","modified_gmt":"2016-03-20T17:34:18","slug":"contact","status":"publish","type":"page","link":"http:\/\/jeanlepeix.com\/planetejlx\/contact\/","title":{"rendered":"Contact"},"content":{"rendered":"<div class=\"wpcf7 no-js\" id=\"wpcf7-f2216-o1\" lang=\"fr-FR\" dir=\"ltr\">\n<div class=\"screen-reader-response\">\n<p role=\"status\" aria-live=\"polite\" aria-atomic=\"true\">\n<ul><\/ul>\n<\/div>\n<form action=\"\/planetejlx\/wp-json\/wp\/v2\/pages\/33#wpcf7-f2216-o1\" method=\"post\" class=\"wpcf7-form init\" aria-label=\"Formulaire de contact\" novalidate=\"novalidate\" data-status=\"init\">\n<div style=\"display: none;\">\n<input type=\"hidden\" name=\"_wpcf7\" value=\"2216\" \/> <br \/> \n<input type=\"hidden\" name=\"_wpcf7_version\" value=\"5.7.7\" \/> <br \/> \n<input type=\"hidden\" name=\"_wpcf7_locale\" value=\"fr_FR\" \/> <br \/> \n<input type=\"hidden\" name=\"_wpcf7_unit_tag\" value=\"wpcf7-f2216-o1\" \/> <br \/> \n<input type=\"hidden\" name=\"_wpcf7_container_post\" value=\"0\" \/> <br \/> \n<input type=\"hidden\" name=\"_wpcf7_posted_data_hash\" value=\"\" \/>\n<\/div>\n <p> Nom*\n <\/p> \n <p> <span class=\"wpcf7-form-control-wrap\" data-name=\"your-name\"><input size=\"40\" class=\"wpcf7-form-control wpcf7-text wpcf7-validates-as-required\" aria-required=\"true\" aria-invalid=\"false\" value=\"\" type=\"text\" name=\"your-name\" \/><\/span>\n <\/p> \n <p> E-mail*\n <\/p> \n <p> <span class=\"wpcf7-form-control-wrap\" data-name=\"your-email\"><input size=\"40\" class=\"wpcf7-form-control wpcf7-text wpcf7-email wpcf7-validates-as-required wpcf7-validates-as-email\" aria-required=\"true\" aria-invalid=\"false\" value=\"\" type=\"email\" name=\"your-email\" \/><\/span>\n <\/p> \n <p> Sujet*\n <\/p> \n <p> <span class=\"wpcf7-form-control-wrap\" data-name=\"your-subject\"><input size=\"40\" class=\"wpcf7-form-control wpcf7-text wpcf7-validates-as-required\" aria-required=\"true\" aria-invalid=\"false\" value=\"\" type=\"text\" name=\"your-subject\" \/><\/span>\n <\/p> \n <p> Message*\n <\/p> \n <p> <span class=\"wpcf7-form-control-wrap\" data-name=\"your-message\"><textarea cols=\"40\" rows=\"10\" class=\"wpcf7-form-control wpcf7-textarea wpcf7-validates-as-required\" aria-required=\"true\" aria-invalid=\"false\" name=\"your-message\"><\/textarea><\/span>\n <\/p> \n <p> [recaptcha]\n <\/p> \n <p> <input class=\"wpcf7-form-control has-spinner wpcf7-submit\" type=\"submit\" value=\"Envoyer\" \/>\n <\/p> \n<p style=\"display: none !important;\" class=\"akismet-fields-container\" data-prefix=\"_wpcf7_ak_\"><label>&#916;<textarea name=\"_wpcf7_ak_hp_textarea\" cols=\"45\" rows=\"8\" maxlength=\"100\"><\/textarea><\/label><input type=\"hidden\" id=\"ak_js_1\" name=\"_wpcf7_ak_js\" value=\"62\"\/><script>document.getElementById( \"ak_js_1\" ).setAttribute( \"value\", ( new Date() ).getTime() );<\/script> <\/p> \n<div class=\"wpcf7-response-output\" aria-hidden=\"true\"><\/div>\n<\/form>\n<\/div>\n","protected":false},"excerpt":{"rendered":"","protected":false},"author":1,"featured_media":0,"parent":0,"menu_order":0,"comment_status":"closed","ping_status":"open","template":"","meta":{"_mi_skip_tracking":false,"jetpack_post_was_ever_published":false,"yasr_overall_rating":0,"yasr_post_is_review":"","yasr_auto_insert_disabled":"","yasr_review_type":""},"yoast_head":"<!-- This site is optimized with the Yoast SEO plugin v20.6 - https:\/\/yoast.com\/wordpress\/plugins\/seo\/ -->\n<title>Contact - Plan\u00e8te JLX<\/title>\n<meta name=\"description\" content=\"Contactez-nous.\" \/>\n<meta name=\"robots\" content=\"index, follow, max-snippet:-1, max-image-preview:large, max-video-preview:-1\" \/>\n<link rel=\"canonical\" href=\"http:\/\/jeanlepeix.com\/planetejlx\/contact\/\" \/>\n<meta property=\"og:locale\" content=\"fr_FR\" \/>\n<meta property=\"og:type\" content=\"article\" \/>\n<meta property=\"og:title\" content=\"Contact - Plan\u00e8te JLX\" \/>\n<meta property=\"og:description\" content=\"Contactez-nous.\" \/>\n<meta property=\"og:url\" content=\"http:\/\/jeanlepeix.com\/planetejlx\/contact\/\" \/>\n<meta property=\"og:site_name\" content=\"Plan\u00e8te JLX\" \/>\n<meta property=\"article:publisher\" content=\"https:\/\/www.facebook.com\/PlaneteJLX\" \/>\n<meta property=\"article:modified_time\" content=\"2016-03-20T17:34:18+00:00\" \/>\n<script type=\"application\/ld+json\" class=\"yoast-schema-graph\">{\"@context\":\"https:\/\/schema.org\",\"@graph\":[{\"@type\":\"WebPage\",\"@id\":\"http:\/\/jeanlepeix.com\/planetejlx\/contact\/\",\"url\":\"http:\/\/jeanlepeix.com\/planetejlx\/contact\/\",\"name\":\"Contact - Plan\u00e8te JLX\",\"isPartOf\":{\"@id\":\"https:\/\/jeanlepeix.com\/planetejlx\/#website\"},\"datePublished\":\"2013-03-07T17:14:15+00:00\",\"dateModified\":\"2016-03-20T17:34:18+00:00\",\"description\":\"Contactez-nous.\",\"breadcrumb\":{\"@id\":\"http:\/\/jeanlepeix.com\/planetejlx\/contact\/#breadcrumb\"},\"inLanguage\":\"fr-FR\",\"potentialAction\":[{\"@type\":\"ReadAction\",\"target\":[\"http:\/\/jeanlepeix.com\/planetejlx\/contact\/\"]}]},{\"@type\":\"BreadcrumbList\",\"@id\":\"http:\/\/jeanlepeix.com\/planetejlx\/contact\/#breadcrumb\",\"itemListElement\":[{\"@type\":\"ListItem\",\"position\":1,\"name\":\"Accueil\",\"item\":\"https:\/\/jeanlepeix.com\/planetejlx\/\"},{\"@type\":\"ListItem\",\"position\":2,\"name\":\"Contact\"}]},{\"@type\":\"WebSite\",\"@id\":\"https:\/\/jeanlepeix.com\/planetejlx\/#website\",\"url\":\"https:\/\/jeanlepeix.com\/planetejlx\/\",\"name\":\"Plan\u00e8te JLX\",\"description\":\"Geek, Jeux-vid\u00e9o, Gadgets, Cin\u00e9, Critiques, Gaming\",\"potentialAction\":[{\"@type\":\"SearchAction\",\"target\":{\"@type\":\"EntryPoint\",\"urlTemplate\":\"https:\/\/jeanlepeix.com\/planetejlx\/?s={search_term_string}\"},\"query-input\":\"required name=search_term_string\"}],\"inLanguage\":\"fr-FR\"},false]}<\/script>\n<!-- \/ Yoast SEO plugin. -->","yoast_head_json":{"title":"Contact - Plan\u00e8te JLX","description":"Contactez-nous.","robots":{"index":"index","follow":"follow","max-snippet":"max-snippet:-1","max-image-preview":"max-image-preview:large","max-video-preview":"max-video-preview:-1"},"canonical":"http:\/\/jeanlepeix.com\/planetejlx\/contact\/","og_locale":"fr_FR","og_type":"article","og_title":"Contact - Plan\u00e8te JLX","og_description":"Contactez-nous.","og_url":"http:\/\/jeanlepeix.com\/planetejlx\/contact\/","og_site_name":"Plan\u00e8te JLX","article_publisher":"https:\/\/www.facebook.com\/PlaneteJLX","article_modified_time":"2016-03-20T17:34:18+00:00","schema":{"@context":"https:\/\/schema.org","@graph":[{"@type":"WebPage","@id":"http:\/\/jeanlepeix.com\/planetejlx\/contact\/","url":"http:\/\/jeanlepeix.com\/planetejlx\/contact\/","name":"Contact - Plan\u00e8te JLX","isPartOf":{"@id":"https:\/\/jeanlepeix.com\/planetejlx\/#website"},"datePublished":"2013-03-07T17:14:15+00:00","dateModified":"2016-03-20T17:34:18+00:00","description":"Contactez-nous.","breadcrumb":{"@id":"http:\/\/jeanlepeix.com\/planetejlx\/contact\/#breadcrumb"},"inLanguage":"fr-FR","potentialAction":[{"@type":"ReadAction","target":["http:\/\/jeanlepeix.com\/planetejlx\/contact\/"]}]},{"@type":"BreadcrumbList","@id":"http:\/\/jeanlepeix.com\/planetejlx\/contact\/#breadcrumb","itemListElement":[{"@type":"ListItem","position":1,"name":"Accueil","item":"https:\/\/jeanlepeix.com\/planetejlx\/"},{"@type":"ListItem","position":2,"name":"Contact"}]},{"@type":"WebSite","@id":"https:\/\/jeanlepeix.com\/planetejlx\/#website","url":"https:\/\/jeanlepeix.com\/planetejlx\/","name":"Plan\u00e8te JLX","description":"Geek, Jeux-vid\u00e9o, Gadgets, Cin\u00e9, Critiques, Gaming","potentialAction":[{"@type":"SearchAction","target":{"@type":"EntryPoint","urlTemplate":"https:\/\/jeanlepeix.com\/planetejlx\/?s={search_term_string}"},"query-input":"required name=search_term_string"}],"inLanguage":"fr-FR"},false]}},"yasr_visitor_votes":{"stars_attributes":{"read_only":false,"span_bottom":false},"number_of_votes":0,"sum_votes":0},"jetpack_sharing_enabled":true,"jetpack_shortlink":"https:\/\/wp.me\/P5dgCi-x","_links":{"self":[{"href":"http:\/\/jeanlepeix.com\/planetejlx\/wp-json\/wp\/v2\/pages\/33"}],"collection":[{"href":"http:\/\/jeanlepeix.com\/planetejlx\/wp-json\/wp\/v2\/pages"}],"about":[{"href":"http:\/\/jeanlepeix.com\/planetejlx\/wp-json\/wp\/v2\/types\/page"}],"author":[{"embeddable":true,"href":"http:\/\/jeanlepeix.com\/planetejlx\/wp-json\/wp\/v2\/users\/1"}],"replies":[{"embeddable":true,"href":"http:\/\/jeanlepeix.com\/planetejlx\/wp-json\/wp\/v2\/comments?post=33"}],"version-history":[{"count":5,"href":"http:\/\/jeanlepeix.com\/planetejlx\/wp-json\/wp\/v2\/pages\/33\/revisions"}],"predecessor-version":[{"id":2218,"href":"http:\/\/jeanlepeix.com\/planetejlx\/wp-json\/wp\/v2\/pages\/33\/revisions\/2218"}],"wp:attachment":[{"href":"http:\/\/jeanlepeix.com\/planetejlx\/wp-json\/wp\/v2\/media?parent=33"}],"curies":[{"name":"wp","href":"https:\/\/api.w.org\/{rel}","templated":true}]}}